{"id":8603,"date":"2023-03-23T15:27:31","date_gmt":"2023-03-23T14:27:31","guid":{"rendered":"https:\/\/piattaformaintellect.it\/portale\/?page_id=8603"},"modified":"2024-02-23T10:43:34","modified_gmt":"2024-02-23T09:43:34","slug":"antonella-poce-direttore-del-centro-intellect","status":"publish","type":"page","link":"https:\/\/piattaformaintellect.it\/portale\/index.php\/it\/antonella-poce-direttore-del-centro-intellect\/","title":{"rendered":"Antonella Poce (Direttore del centro Intellect)"},"content":{"rendered":"\t\t<div data-elementor-type=\"wp-page\" data-elementor-id=\"8603\" class=\"elementor elementor-8603\" data-elementor-settings=\"[]\">\n\t\t\t\t\t\t<div class=\"elementor-inner\">\n\t\t\t\t\t\t\t<div class=\"elementor-section-wrap\">\n\t\t\t\t\t\t\t<section class=\"elementor-section elementor-top-section elementor-element elementor-element-7fa849e elementor-section-boxed elementor-section-height-default elementor-section-height-default\" data-id=\"7fa849e\" data-element_type=\"section\">\n\t\t\t\t\t\t<div class=\"elementor-container elementor-column-gap-default\">\n\t\t\t\t\t\t\t<div class=\"elementor-row\">\n\t\t\t\t\t<div class=\"elementor-column elementor-col-100 elementor-top-column elementor-element elementor-element-3aef3a9\" data-id=\"3aef3a9\" data-element_type=\"column\">\n\t\t\t<div class=\"elementor-column-wrap elementor-element-populated\">\n\t\t\t\t\t\t\t<div class=\"elementor-widget-wrap\">\n\t\t\t\t\t\t<div class=\"elementor-element elementor-element-572ee32 elementor-widget elementor-widget-heading\" data-id=\"572ee32\" data-element_type=\"widget\" data-widget_type=\"heading.default\">\n\t\t\t\t<div class=\"elementor-widget-container\">\n\t\t\t<h1 class=\"elementor-heading-title elementor-size-default\">Antonella Poce, Professore Ordinario in Pedagogia Sperimentale e direttore del centro Intellect <\/h1>\t\t<\/div>\n\t\t\t\t<\/div>\n\t\t\t\t\t\t<\/div>\n\t\t\t\t\t<\/div>\n\t\t<\/div>\n\t\t\t\t\t\t\t\t<\/div>\n\t\t\t\t\t<\/div>\n\t\t<\/section>\n\t\t\t\t<section class=\"elementor-section elementor-top-section elementor-element elementor-element-521a0c1 elementor-section-boxed elementor-section-height-default elementor-section-height-default\" data-id=\"521a0c1\" data-element_type=\"section\">\n\t\t\t\t\t\t<div class=\"elementor-container elementor-column-gap-default\">\n\t\t\t\t\t\t\t<div class=\"elementor-row\">\n\t\t\t\t\t<div class=\"elementor-column elementor-col-50 elementor-top-column elementor-element elementor-element-cd6d85a\" data-id=\"cd6d85a\" data-element_type=\"column\">\n\t\t\t<div class=\"elementor-column-wrap elementor-element-populated\">\n\t\t\t\t\t\t\t<div class=\"elementor-widget-wrap\">\n\t\t\t\t\t\t<div class=\"elementor-element elementor-element-b050893 elementor-widget elementor-widget-image\" data-id=\"b050893\" data-element_type=\"widget\" data-widget_type=\"image.default\">\n\t\t\t\t<div class=\"elementor-widget-container\">\n\t\t\t\t\t<div class=\"elementor-image\">\n\t\t\t\t\t\t\t\t\t\t<img width=\"300\" height=\"300\" src=\"https:\/\/piattaformaintellect.it\/portale\/wp-content\/uploads\/2023\/03\/Poce-foto-300x300.png\" class=\"attachment-shop_catalog size-shop_catalog\" alt=\"\" loading=\"lazy\" srcset=\"https:\/\/piattaformaintellect.it\/portale\/wp-content\/uploads\/2023\/03\/Poce-foto-300x300.png 300w, https:\/\/piattaformaintellect.it\/portale\/wp-content\/uploads\/2023\/03\/Poce-foto-150x150.png 150w, https:\/\/piattaformaintellect.it\/portale\/wp-content\/uploads\/2023\/03\/Poce-foto-75x75.png 75w, https:\/\/piattaformaintellect.it\/portale\/wp-content\/uploads\/2023\/03\/Poce-foto-129x129.png 129w, https:\/\/piattaformaintellect.it\/portale\/wp-content\/uploads\/2023\/03\/Poce-foto-69x69.png 69w, https:\/\/piattaformaintellect.it\/portale\/wp-content\/uploads\/2023\/03\/Poce-foto-600x600.png 600w, https:\/\/piattaformaintellect.it\/portale\/wp-content\/uploads\/2023\/03\/Poce-foto-100x100.png 100w, https:\/\/piattaformaintellect.it\/portale\/wp-content\/uploads\/2023\/03\/Poce-foto-450x450.png 450w, https:\/\/piattaformaintellect.it\/portale\/wp-content\/uploads\/2023\/03\/Poce-foto-639x639.png 639w, https:\/\/piattaformaintellect.it\/portale\/wp-content\/uploads\/2023\/03\/Poce-foto.png 640w\" sizes=\"(max-width: 300px) 100vw, 300px\" \/>\t\t\t\t\t\t\t\t\t\t\t<\/div>\n\t\t\t\t<\/div>\n\t\t\t\t<\/div>\n\t\t\t\t<div class=\"elementor-element elementor-element-70c7a1a elementor-widget elementor-widget-text-editor\" data-id=\"70c7a1a\" data-element_type=\"widget\" data-widget_type=\"text-editor.default\">\n\t\t\t\t<div class=\"elementor-widget-container\">\n\t\t\t\t\t<div class=\"elementor-text-editor elementor-clearfix\"><h6><strong><span style=\"color: var( --e-global-color-a6bcba3 ); font-family: var( --e-global-typography-text-font-family ); font-size: 1rem;\">ANTONELLA POCE, Docente ordinario\u00a0<\/span><\/strong><\/h6><p><strong><span style=\"color: var( --e-global-color-a6bcba3 ); font-family: var( --e-global-typography-text-font-family ); font-size: 1rem;\">Dipartimento di Storia, Patrimonio, Educazione e Societ\u00e0 dell&#8217;Universit\u00e0 di Roma Tor Vergata<\/span><\/strong><\/p><\/div>\n\t\t\t\t<\/div>\n\t\t\t\t<\/div>\n\t\t\t\t\t\t<\/div>\n\t\t\t\t\t<\/div>\n\t\t<\/div>\n\t\t\t\t<div class=\"elementor-column elementor-col-50 elementor-top-column elementor-element elementor-element-7d0cfdc\" data-id=\"7d0cfdc\" data-element_type=\"column\">\n\t\t\t<div class=\"elementor-column-wrap elementor-element-populated\">\n\t\t\t\t\t\t\t<div class=\"elementor-widget-wrap\">\n\t\t\t\t\t\t<div class=\"elementor-element elementor-element-d22d97c elementor-widget elementor-widget-text-editor\" data-id=\"d22d97c\" data-element_type=\"widget\" data-widget_type=\"text-editor.default\">\n\t\t\t\t<div class=\"elementor-widget-container\">\n\t\t\t\t\t<div class=\"elementor-text-editor elementor-clearfix\"><p>Antonella Poce \u00e8 attualmente <strong>professore ordinario<\/strong> in Pedagogia sperimentale presso il Dipartimento di Storia, Patrimonio, Educazione e Societ\u00e0 dell&#8217;Universit\u00e0 di Roma Tor Vergata, dove insegna <strong>Pedagogia sperimentale<\/strong>, Metodologia della ricerca educativa e Didattica museale.<\/p>\n<p>Dal dicembre 2020 al febbraio 2023 \u00e8 stata professore ordinario dello stesso insegnamento presso il Dipartimento di Educazione e Scienze umane dell&#8217;Universit\u00e0 di Modena e Reggio Emilia, dove ha presieduto il Centro di ricerca internazionale <strong>INTELLECT<\/strong> sull&#8217;educazione al patrimonio e ai musei, sul benessere e sulle tecnologie didattiche, centro che \u00e8 ora interateneo con l&#8217;Universit\u00e0 di Tor Vergata di Roma. \u00c8 senior fellow di <strong>EDEN<\/strong> (European Distance and E-learning Network) e attualmente membro del consiglio direttivo. La sua ricerca a livello nazionale e internazionale si concentra sullo studio di pratiche didattiche innovative nell&#8217;istruzione superiore. Coordina gruppi di ricerca nazionali e internazionali nell&#8217;ambito di <strong>progetti europei<\/strong> e ha presieduto comitati accademici internazionali che si occupano di valutazione e apprendimento a distanza.<\/p>\n<p>\u00c8 autrice di diverse <strong>pubblicazioni di rilevanza nazionale e internazionale<\/strong> sui temi dell&#8217;innovazione, della valutazione e dell&#8217;uso delle tecnologie nell&#8217;insegnamento e nell&#8217;apprendimento, principalmente nell&#8217; ambito dell&#8217;educazione al patrimonio culturale.<\/p>\n<p><a href=\"https:\/\/piattaformaintellect.it\/portale\/wp-content\/uploads\/2023\/03\/prof.Poce-pubblications.pdf\"><strong>Pubblicazioni<\/strong><\/a><\/p>\n<p><span style=\"font-weight: var( --e-global-typography-text-font-weight ); font-size: 1rem; font-family: var( --e-global-typography-text-font-family ); color: var( --e-global-color-a6bcba3 );\">&nbsp;<\/span><\/p><\/div>\n\t\t\t\t<\/div>\n\t\t\t\t<\/div>\n\t\t\t\t\t\t<\/div>\n\t\t\t\t\t<\/div>\n\t\t<\/div>\n\t\t\t\t\t\t\t\t<\/div>\n\t\t\t\t\t<\/div>\n\t\t<\/section>\n\t\t\t\t<section class=\"elementor-section elementor-top-section elementor-element elementor-element-bf2faed elementor-section-boxed elementor-section-height-default elementor-section-height-default\" data-id=\"bf2faed\" data-element_type=\"section\">\n\t\t\t\t\t\t<div class=\"elementor-container elementor-column-gap-default\">\n\t\t\t\t\t\t\t<div class=\"elementor-row\">\n\t\t\t\t\t<div class=\"elementor-column elementor-col-100 elementor-top-column elementor-element elementor-element-8f13c41\" data-id=\"8f13c41\" data-element_type=\"column\">\n\t\t\t<div class=\"elementor-column-wrap elementor-element-populated\">\n\t\t\t\t\t\t\t<div class=\"elementor-widget-wrap\">\n\t\t\t\t\t\t<div class=\"elementor-element elementor-element-aa4b1d3 elementor-widget elementor-widget-html\" data-id=\"aa4b1d3\" data-element_type=\"widget\" data-widget_type=\"html.default\">\n\t\t\t\t<div class=\"elementor-widget-container\">\n\t\t\t<div class=\"embedsocial-hashtag\" data-ref=\"45346354ca5159668436af6b5ee66773704a91a5\"> <a class=\"feed-powered-by-es feed-powered-by-es-slider-new\" href=\"https:\/\/embedsocial.com\/social-media-aggregator\/\" target=\"_blank\" title=\"Widget by EmbedSocial\"> Widget by EmbedSocial <span>\u2192<\/span> <\/a> <\/div> <script> (function(d, s, id) { var js; if (d.getElementById(id)) {return;} js = d.createElement(s); js.id = id; js.src = \"https:\/\/embedsocial.com\/cdn\/ht.js\"; d.getElementsByTagName(\"head\")[0].appendChild(js); }(document, \"script\", \"EmbedSocialHashtagScript\")); <\/script>\t\t<\/div>\n\t\t\t\t<\/div>\n\t\t\t\t\t\t<\/div>\n\t\t\t\t\t<\/div>\n\t\t<\/div>\n\t\t\t\t\t\t\t\t<\/div>\n\t\t\t\t\t<\/div>\n\t\t<\/section>\n\t\t\t\t<section class=\"elementor-section elementor-top-section elementor-element elementor-element-9e2790f elementor-section-boxed elementor-section-height-default elementor-section-height-default\" data-id=\"9e2790f\" data-element_type=\"section\">\n\t\t\t\t\t\t<div class=\"elementor-container elementor-column-gap-default\">\n\t\t\t\t\t\t\t<div class=\"elementor-row\">\n\t\t\t\t\t<div class=\"elementor-column elementor-col-100 elementor-top-column elementor-element elementor-element-7fa735d\" data-id=\"7fa735d\" data-element_type=\"column\">\n\t\t\t<div class=\"elementor-column-wrap elementor-element-populated\">\n\t\t\t\t\t\t\t<div class=\"elementor-widget-wrap\">\n\t\t\t\t\t\t<div class=\"elementor-element elementor-element-1f3cdbf elementor-widget elementor-widget-text-editor\" data-id=\"1f3cdbf\" data-element_type=\"widget\" data-widget_type=\"text-editor.default\">\n\t\t\t\t<div class=\"elementor-widget-container\">\n\t\t\t\t\t<div class=\"elementor-text-editor elementor-clearfix\"><p>&#8211; Nel 2011 \u00e8 stata eletta membro del comitato direttivo di <strong>EDEN<\/strong> (European Distance and E-Learning Network)- NAP (Network of Academics and Professionals)<\/p><p>&#8211; \u00c8 stata membro del Consiglio dell&#8217;<strong>AREA-Europa<\/strong> (dal 2012 al 2016), dove ha presieduto il Comitato per lo sviluppo professionale (dal 2013 al 2016)<\/p><p>&#8211; Ha presieduto il comitato direttivo del <strong>NAP EDEN<\/strong> dal 2017 al 2020.<\/p><p>&#8211; \u00c8 membro dell\u2019<strong>ICOM<\/strong> (International Council of Museums) dal 2003, del <strong>CECA<\/strong> (Committee for Education and Cultural Action) e dell&#8217;<strong>UMAC<\/strong> (Universities Museums and Collections) dal 2019.<\/p><\/div>\n\t\t\t\t<\/div>\n\t\t\t\t<\/div>\n\t\t\t\t\t\t<\/div>\n\t\t\t\t\t<\/div>\n\t\t<\/div>\n\t\t\t\t\t\t\t\t<\/div>\n\t\t\t\t\t<\/div>\n\t\t<\/section>\n\t\t\t\t<section class=\"elementor-section elementor-top-section elementor-element elementor-element-afc83aa elementor-section-boxed elementor-section-height-default elementor-section-height-default\" data-id=\"afc83aa\" data-element_type=\"section\">\n\t\t\t\t\t\t<div class=\"elementor-container elementor-column-gap-default\">\n\t\t\t\t\t\t\t<div class=\"elementor-row\">\n\t\t\t\t\t<div class=\"elementor-column elementor-col-50 elementor-top-column elementor-element elementor-element-e37d07c\" data-id=\"e37d07c\" data-element_type=\"column\">\n\t\t\t<div class=\"elementor-column-wrap elementor-element-populated\">\n\t\t\t\t\t\t\t<div class=\"elementor-widget-wrap\">\n\t\t\t\t\t\t<div class=\"elementor-element elementor-element-f7f7a35 elementor-widget elementor-widget-image\" data-id=\"f7f7a35\" data-element_type=\"widget\" data-widget_type=\"image.default\">\n\t\t\t\t<div class=\"elementor-widget-container\">\n\t\t\t\t\t<div class=\"elementor-image\">\n\t\t\t\t\t\t\t\t\t\t<img width=\"300\" height=\"68\" src=\"https:\/\/piattaformaintellect.it\/portale\/wp-content\/uploads\/2023\/03\/Tor-Vergata_logo_cmyk-1-300x68.jpg\" class=\"attachment-medium size-medium\" alt=\"\" loading=\"lazy\" srcset=\"https:\/\/piattaformaintellect.it\/portale\/wp-content\/uploads\/2023\/03\/Tor-Vergata_logo_cmyk-1-300x68.jpg 300w, https:\/\/piattaformaintellect.it\/portale\/wp-content\/uploads\/2023\/03\/Tor-Vergata_logo_cmyk-1-1024x233.jpg 1024w, https:\/\/piattaformaintellect.it\/portale\/wp-content\/uploads\/2023\/03\/Tor-Vergata_logo_cmyk-1-768x175.jpg 768w, https:\/\/piattaformaintellect.it\/portale\/wp-content\/uploads\/2023\/03\/Tor-Vergata_logo_cmyk-1-1536x350.jpg 1536w, https:\/\/piattaformaintellect.it\/portale\/wp-content\/uploads\/2023\/03\/Tor-Vergata_logo_cmyk-1-600x137.jpg 600w, https:\/\/piattaformaintellect.it\/portale\/wp-content\/uploads\/2023\/03\/Tor-Vergata_logo_cmyk-1-1881x428.jpg 1881w, https:\/\/piattaformaintellect.it\/portale\/wp-content\/uploads\/2023\/03\/Tor-Vergata_logo_cmyk-1.jpg 1885w\" sizes=\"(max-width: 300px) 100vw, 300px\" \/>\t\t\t\t\t\t\t\t\t\t\t<\/div>\n\t\t\t\t<\/div>\n\t\t\t\t<\/div>\n\t\t\t\t\t\t<\/div>\n\t\t\t\t\t<\/div>\n\t\t<\/div>\n\t\t\t\t<div class=\"elementor-column elementor-col-50 elementor-top-column elementor-element elementor-element-84e8719\" data-id=\"84e8719\" data-element_type=\"column\">\n\t\t\t<div class=\"elementor-column-wrap elementor-element-populated\">\n\t\t\t\t\t\t\t<div class=\"elementor-widget-wrap\">\n\t\t\t\t\t\t<div class=\"elementor-element elementor-element-42e1e0f elementor-widget elementor-widget-image\" data-id=\"42e1e0f\" data-element_type=\"widget\" data-widget_type=\"image.default\">\n\t\t\t\t<div class=\"elementor-widget-container\">\n\t\t\t\t\t<div class=\"elementor-image\">\n\t\t\t\t\t\t\t\t\t\t<img width=\"300\" height=\"33\" src=\"https:\/\/piattaformaintellect.it\/portale\/wp-content\/uploads\/2021\/01\/output-onlinepngtools-3-300x33.png\" class=\"attachment-medium size-medium\" alt=\"\" loading=\"lazy\" srcset=\"https:\/\/piattaformaintellect.it\/portale\/wp-content\/uploads\/2021\/01\/output-onlinepngtools-3-300x33.png 300w, https:\/\/piattaformaintellect.it\/portale\/wp-content\/uploads\/2021\/01\/output-onlinepngtools-3-348x38.png 348w, https:\/\/piattaformaintellect.it\/portale\/wp-content\/uploads\/2021\/01\/output-onlinepngtools-3.png 357w\" sizes=\"(max-width: 300px) 100vw, 300px\" \/>\t\t\t\t\t\t\t\t\t\t\t<\/div>\n\t\t\t\t<\/div>\n\t\t\t\t<\/div>\n\t\t\t\t\t\t<\/div>\n\t\t\t\t\t<\/div>\n\t\t<\/div>\n\t\t\t\t\t\t\t\t<\/div>\n\t\t\t\t\t<\/div>\n\t\t<\/section>\n\t\t\t\t<section class=\"elementor-section elementor-top-section elementor-element elementor-element-f44b07f elementor-section-boxed elementor-section-height-default elementor-section-height-default\" data-id=\"f44b07f\" data-element_type=\"section\">\n\t\t\t\t\t\t<div class=\"elementor-container elementor-column-gap-default\">\n\t\t\t\t\t\t\t<div class=\"elementor-row\">\n\t\t\t\t\t<div class=\"elementor-column elementor-col-100 elementor-top-column elementor-element elementor-element-b7fa8e5\" data-id=\"b7fa8e5\" data-element_type=\"column\">\n\t\t\t<div class=\"elementor-column-wrap elementor-element-populated\">\n\t\t\t\t\t\t\t<div class=\"elementor-widget-wrap\">\n\t\t\t\t\t\t<div class=\"elementor-element elementor-element-c54bb49 elementor-widget elementor-widget-heading\" data-id=\"c54bb49\" data-element_type=\"widget\" data-widget_type=\"heading.default\">\n\t\t\t\t<div class=\"elementor-widget-container\">\n\t\t\t<h2 class=\"elementor-heading-title elementor-size-default\">Eventi e Master<\/h2>\t\t<\/div>\n\t\t\t\t<\/div>\n\t\t\t\t<div class=\"elementor-element elementor-element-09626e9 elementor-widget elementor-widget-gallery\" data-id=\"09626e9\" data-element_type=\"widget\" data-settings=\"{&quot;columns&quot;:3,&quot;lazyload&quot;:&quot;yes&quot;,&quot;gallery_layout&quot;:&quot;grid&quot;,&quot;columns_tablet&quot;:2,&quot;columns_mobile&quot;:1,&quot;gap&quot;:{&quot;unit&quot;:&quot;px&quot;,&quot;size&quot;:10,&quot;sizes&quot;:[]},&quot;gap_tablet&quot;:{&quot;unit&quot;:&quot;px&quot;,&quot;size&quot;:10,&quot;sizes&quot;:[]},&quot;gap_mobile&quot;:{&quot;unit&quot;:&quot;px&quot;,&quot;size&quot;:10,&quot;sizes&quot;:[]},&quot;link_to&quot;:&quot;file&quot;,&quot;aspect_ratio&quot;:&quot;3:2&quot;,&quot;overlay_background&quot;:&quot;yes&quot;,&quot;content_hover_animation&quot;:&quot;fade-in&quot;}\" data-widget_type=\"gallery.default\">\n\t\t\t\t<div class=\"elementor-widget-container\">\n\t\t\t\t\t<div class=\"elementor-gallery__container\">\n\t\t\t\t\t\t\t<a class=\"e-gallery-item elementor-gallery-item elementor-animated-content\" href=\"https:\/\/piattaformaintellect.it\/portale\/wp-content\/uploads\/2023\/10\/IMG_0953-scaled-2559x1919.jpg\" data-elementor-open-lightbox=\"yes\" data-elementor-lightbox-slideshow=\"all-09626e9\" data-elementor-lightbox-title=\"IMG_0953\">\n\t\t\t\t\t<div class=\"e-gallery-image elementor-gallery-item__image\" data-thumbnail=\"https:\/\/piattaformaintellect.it\/portale\/wp-content\/uploads\/2023\/10\/IMG_0953-300x225.jpg\" data-width=\"300\" data-height=\"225\" alt=\"\" ><\/div>\n\t\t\t\t\t\t\t\t\t\t<div class=\"elementor-gallery-item__overlay\"><\/div>\n\t\t\t\t\t\t\t\t\t\t\t\t\t\t<\/a>\n\t\t\t\t\t\t\t<a class=\"e-gallery-item elementor-gallery-item elementor-animated-content\" href=\"https:\/\/piattaformaintellect.it\/portale\/wp-content\/uploads\/2023\/10\/IMG_0983-scaled-2559x1919.jpg\" data-elementor-open-lightbox=\"yes\" data-elementor-lightbox-slideshow=\"all-09626e9\" data-elementor-lightbox-title=\"IMG_0983\">\n\t\t\t\t\t<div class=\"e-gallery-image elementor-gallery-item__image\" data-thumbnail=\"https:\/\/piattaformaintellect.it\/portale\/wp-content\/uploads\/2023\/10\/IMG_0983-300x225.jpg\" data-width=\"300\" data-height=\"225\" alt=\"\" ><\/div>\n\t\t\t\t\t\t\t\t\t\t<div class=\"elementor-gallery-item__overlay\"><\/div>\n\t\t\t\t\t\t\t\t\t\t\t\t\t\t<\/a>\n\t\t\t\t\t\t\t<a class=\"e-gallery-item elementor-gallery-item elementor-animated-content\" href=\"https:\/\/piattaformaintellect.it\/portale\/wp-content\/uploads\/2023\/10\/IMG_4622-scaled-2559x1919.jpg\" data-elementor-open-lightbox=\"yes\" data-elementor-lightbox-slideshow=\"all-09626e9\" data-elementor-lightbox-title=\"IMG_4622\">\n\t\t\t\t\t<div class=\"e-gallery-image elementor-gallery-item__image\" data-thumbnail=\"https:\/\/piattaformaintellect.it\/portale\/wp-content\/uploads\/2023\/10\/IMG_4622-300x225.jpg\" data-width=\"300\" data-height=\"225\" alt=\"\" ><\/div>\n\t\t\t\t\t\t\t\t\t\t<div class=\"elementor-gallery-item__overlay\"><\/div>\n\t\t\t\t\t\t\t\t\t\t\t\t\t\t<\/a>\n\t\t\t\t\t\t\t<a class=\"e-gallery-item elementor-gallery-item elementor-animated-content\" href=\"https:\/\/piattaformaintellect.it\/portale\/wp-content\/uploads\/2023\/10\/IMG_4819-scaled-2559x1919.jpg\" data-elementor-open-lightbox=\"yes\" data-elementor-lightbox-slideshow=\"all-09626e9\" data-elementor-lightbox-title=\"IMG_4819\">\n\t\t\t\t\t<div class=\"e-gallery-image elementor-gallery-item__image\" data-thumbnail=\"https:\/\/piattaformaintellect.it\/portale\/wp-content\/uploads\/2023\/10\/IMG_4819-300x225.jpg\" data-width=\"300\" data-height=\"225\" alt=\"\" ><\/div>\n\t\t\t\t\t\t\t\t\t\t<div class=\"elementor-gallery-item__overlay\"><\/div>\n\t\t\t\t\t\t\t\t\t\t\t\t\t\t<\/a>\n\t\t\t\t\t\t\t<a class=\"e-gallery-item elementor-gallery-item elementor-animated-content\" href=\"https:\/\/piattaformaintellect.it\/portale\/wp-content\/uploads\/2023\/10\/IMG_4820-scaled-2559x1919.jpg\" data-elementor-open-lightbox=\"yes\" data-elementor-lightbox-slideshow=\"all-09626e9\" data-elementor-lightbox-title=\"IMG_4820\">\n\t\t\t\t\t<div class=\"e-gallery-image elementor-gallery-item__image\" data-thumbnail=\"https:\/\/piattaformaintellect.it\/portale\/wp-content\/uploads\/2023\/10\/IMG_4820-300x225.jpg\" data-width=\"300\" data-height=\"225\" alt=\"\" ><\/div>\n\t\t\t\t\t\t\t\t\t\t<div class=\"elementor-gallery-item__overlay\"><\/div>\n\t\t\t\t\t\t\t\t\t\t\t\t\t\t<\/a>\n\t\t\t\t\t<\/div>\n\t\t\t<\/div>\n\t\t\t\t<\/div>\n\t\t\t\t\t\t<\/div>\n\t\t\t\t\t<\/div>\n\t\t<\/div>\n\t\t\t\t\t\t\t\t<\/div>\n\t\t\t\t\t<\/div>\n\t\t<\/section>\n\t\t\t\t\t\t<\/div>\n\t\t\t\t\t\t<\/div>\n\t\t\t\t\t<\/div>\n\t\t","protected":false},"excerpt":{"rendered":"<p>Antonella Poce, Professore Ordinario in Pedagogia Sperimentale e direttore del centro Intellect ANTONELLA POCE, Docente ordinario\u00a0 Dipartimento di Storia, Patrimonio, Educazione e Societ\u00e0 dell&#8217;Universit\u00e0 di Roma Tor Vergata Antonella Poce \u00e8 attualmente professore ordinario in Pedagogia sperimentale presso il Dipartimento di Storia, Patrimonio, Educazione e Societ\u00e0 dell&#8217;Universit\u00e0 di Roma Tor Vergata, dove insegna Pedagogia sperimentale, [&hellip;]<\/p>\n","protected":false},"author":1,"featured_media":0,"parent":0,"menu_order":0,"comment_status":"closed","ping_status":"closed","template":"elementor_header_footer","meta":{"pmpro_default_level":0,"_mi_skip_tracking":false},"_links":{"self":[{"href":"https:\/\/piattaformaintellect.it\/portale\/index.php\/wp-json\/wp\/v2\/pages\/8603"}],"collection":[{"href":"https:\/\/piattaformaintellect.it\/portale\/index.php\/wp-json\/wp\/v2\/pages"}],"about":[{"href":"https:\/\/piattaformaintellect.it\/portale\/index.php\/wp-json\/wp\/v2\/types\/page"}],"author":[{"embeddable":true,"href":"https:\/\/piattaformaintellect.it\/portale\/index.php\/wp-json\/wp\/v2\/users\/1"}],"replies":[{"embeddable":true,"href":"https:\/\/piattaformaintellect.it\/portale\/index.php\/wp-json\/wp\/v2\/comments?post=8603"}],"version-history":[{"count":91,"href":"https:\/\/piattaformaintellect.it\/portale\/index.php\/wp-json\/wp\/v2\/pages\/8603\/revisions"}],"predecessor-version":[{"id":9439,"href":"https:\/\/piattaformaintellect.it\/portale\/index.php\/wp-json\/wp\/v2\/pages\/8603\/revisions\/9439"}],"wp:attachment":[{"href":"https:\/\/piattaformaintellect.it\/portale\/index.php\/wp-json\/wp\/v2\/media?parent=8603"}],"curies":[{"name":"wp","href":"https:\/\/api.w.org\/{rel}","templated":true}]}}